{"id":1352,"date":"2026-03-26T20:21:03","date_gmt":"2026-03-26T20:21:03","guid":{"rendered":"https:\/\/netegesester.com\/about\/"},"modified":"2026-05-15T09:45:13","modified_gmt":"2026-05-15T07:45:13","slug":"empresa-de-limpieza","status":"publish","type":"page","link":"https:\/\/netegesester.com\/en\/empresa-de-limpieza\/","title":{"rendered":"Who we are"},"content":{"rendered":"<div class=\"wp-block-uagb-container uagb-block-6f4f8532 alignfull uagb-is-root-container\"><div class=\"uagb-container-inner-blocks-wrap\">\n<div class=\"wp-block-uagb-advanced-heading uagb-block-10dbb5ae\"><h1 class=\"uagb-heading-text\">Empresa de limipieza, Neteges Ester: m\u00e1s de 5 a\u00f1os cuidando tu hogar<\/h1><\/div>\n<\/div><\/div>\n\n\n\n<div class=\"wp-block-uagb-container uagb-block-0b4f71de alignfull uagb-is-root-container\"><div class=\"uagb-container-inner-blocks-wrap\">\n<div class=\"wp-block-uagb-container uagb-block-993ee68f\">\n<div class=\"wp-block-uagb-image uagb-block-41a754cf wp-block-uagb-image--layout-default wp-block-uagb-image--effect-static wp-block-uagb-image--align-none\"><figure class=\"wp-block-uagb-image__figure\"><img decoding=\"async\" srcset=\"https:\/\/netegesester.com\/wp-content\/uploads\/2026\/03\/freepik_cleaning-woman-in-a-green-uniform-using-a-vacuum-in-a-sunlit-modern-living-room-wooden-floors-and-white-walls-no-face-visible_0010-1024x701.webp ,https:\/\/netegesester.com\/wp-content\/uploads\/2026\/03\/freepik_cleaning-woman-in-a-green-uniform-using-a-vacuum-in-a-sunlit-modern-living-room-wooden-floors-and-white-walls-no-face-visible_0010.webp 780w, https:\/\/netegesester.com\/wp-content\/uploads\/2026\/03\/freepik_cleaning-woman-in-a-green-uniform-using-a-vacuum-in-a-sunlit-modern-living-room-wooden-floors-and-white-walls-no-face-visible_0010.webp 360w\" sizes=\"auto, (max-width: 480px) 150px\" src=\"https:\/\/netegesester.com\/wp-content\/uploads\/2026\/03\/freepik_cleaning-woman-in-a-green-uniform-using-a-vacuum-in-a-sunlit-modern-living-room-wooden-floors-and-white-walls-no-face-visible_0010-1024x701.webp\" alt=\"freepik cleaning woman in a green uniform using a vacuum in a sunlit modern living room wooden floors and white walls no face visible 0010\" class=\"uag-image-3090\" width=\"396\" height=\"271\" title=\"freepik cleaning woman in a green uniform using a vacuum in a sunlit modern living room wooden floors and white walls no face visible 0010\" loading=\"lazy\" role=\"img\"\/><\/figure><\/div>\n\n\n\n<div class=\"wp-block-uagb-image uagb-block-4a98d9f4 wp-block-uagb-image--layout-default wp-block-uagb-image--effect-static wp-block-uagb-image--align-none\"><figure class=\"wp-block-uagb-image__figure\"><img decoding=\"async\" srcset=\"https:\/\/netegesester.com\/wp-content\/uploads\/2026\/03\/freepik_worker-in-green-overalls-painting-interior-white-wall-with-roller-sunlit-modern-home-face-obscured-highresolution-sharpness_0005-1024x701.webp ,https:\/\/netegesester.com\/wp-content\/uploads\/2026\/03\/freepik_worker-in-green-overalls-painting-interior-white-wall-with-roller-sunlit-modern-home-face-obscured-highresolution-sharpness_0005.webp 780w, https:\/\/netegesester.com\/wp-content\/uploads\/2026\/03\/freepik_worker-in-green-overalls-painting-interior-white-wall-with-roller-sunlit-modern-home-face-obscured-highresolution-sharpness_0005.webp 360w\" sizes=\"auto, (max-width: 480px) 150px\" src=\"https:\/\/netegesester.com\/wp-content\/uploads\/2026\/03\/freepik_worker-in-green-overalls-painting-interior-white-wall-with-roller-sunlit-modern-home-face-obscured-highresolution-sharpness_0005-1024x701.webp\" alt=\"freepik worker in green overalls painting interior white wall with roller sunlit modern home face obscured highresolution sharpness 0005\" class=\"uag-image-3138\" width=\"390\" height=\"267\" title=\"freepik worker in green overalls painting interior white wall with roller sunlit modern home face obscured highresolution sharpness 0005\" loading=\"lazy\" role=\"img\"\/><\/figure><\/div>\n\n\n\n<div class=\"wp-block-uagb-advanced-heading uagb-block-6f4889f4\"><h4 class=\"uagb-heading-text\">Neteges Ester<\/h4><p class=\"uagb-desc-text\">Empresa de limpieza para el hogar y empresas<\/p><\/div>\n<\/div>\n\n\n\n<div class=\"wp-block-uagb-container uagb-block-79147a85\">\n<div class=\"wp-block-uagb-info-box uagb-block-fee0a910 uagb-infobox__content-wrap  uagb-infobox-icon-above-title uagb-infobox-image-valign-top wp-block-uagb-info-box--has-margin\"><div class=\"uagb-infobox-margin-wrapper\"><div class=\"uagb-ifb-content\"><div class=\"uagb-ifb-title-wrap\"><span class=\"uagb-ifb-title-prefix\">A message from the founder<\/span><h2 class=\"uagb-ifb-title\">Your trust is what keeps us going<\/h2><\/div><p class=\"uagb-ifb-desc\">Empec\u00e9 Neteges Ester hace m\u00e1s de cinco a\u00f1os con una idea muy clara: ofrecer un servicio de limpieza profesional, cercano y de confianza en la provincia de <strong>Girona<\/strong>. Desde nuestra base en <strong>L&#8217;Estartit,<\/strong> en el coraz\u00f3n del <strong>Baix Empord\u00e0<\/strong>, trabajamos tambi\u00e9n en la <strong>Cerdanya<\/strong> para dar servicio a clientes en dos de las zonas tur\u00edsticas m\u00e1s activas de Catalu\u00f1a.<br><br>Over the years we have developed a specialisation that sets us apart: the cleaning of campsites, bungalows and tourist accommodation. We know what it means to work in high season, with quick changes between stays and high quality requirements. Our team is organised and prepared to respond quickly without sacrificing a single detail.<br><br>We also specialise in final site cleaning, with specific protocols to leave the space ready for immediate handover or opening. And for everything else - homes, businesses, laundry - we work with the same organisation and commitment as always.<br><br>Thank you for trusting us.<br><br><strong>Ester Vilamala Prat<\/strong><br><em>Founder of Neteges Ester - L'Estartit (Girona)<\/em><\/p><\/div><\/div><\/div>\n<\/div>\n<\/div><\/div>\n\n\n\n<div class=\"wp-block-uagb-container uagb-block-a75e8de2 alignfull uagb-is-root-container\"><div class=\"uagb-container-inner-blocks-wrap\">\n<div class=\"wp-block-uagb-advanced-heading uagb-block-75d7d853\"><h2 class=\"uagb-heading-text\">Our commitment to you<\/h2><\/div>\n\n\n\n<div class=\"wp-block-uagb-container uagb-block-d5c4df1f\">\n<div class=\"wp-block-uagb-info-box uagb-block-a0bb226f uagb-infobox__content-wrap  uagb-infobox-icon-above-title uagb-infobox-image-valign-top wp-block-uagb-info-box--has-margin\"><div class=\"uagb-infobox-margin-wrapper\"><div class=\"uagb-ifb-content\"><div class=\"uagb-ifb-image-content\"><img decoding=\"async\" src=\"https:\/\/netegesester.com\/wp-content\/uploads\/2020\/05\/cleaners.png\" alt=\"Cleaners\" width=\"100\" height=\"100\" loading=\"lazy\" title=\"Who we are\"><\/div><div class=\"uagb-ifb-title-wrap\"><h6 class=\"uagb-ifb-title\">Guaranteed quality at every visit<\/h6><\/div><\/div><\/div><\/div>\n\n\n\n<div class=\"wp-block-uagb-info-box uagb-block-5a02c3fb uagb-infobox__content-wrap  uagb-infobox-icon-above-title uagb-infobox-image-valign-top wp-block-uagb-info-box--has-margin\"><div class=\"uagb-infobox-margin-wrapper\"><div class=\"uagb-ifb-content\"><div class=\"uagb-ifb-image-content\"><img decoding=\"async\" src=\"https:\/\/netegesester.com\/wp-content\/uploads\/2020\/05\/payment.png\" alt=\"Payment\" width=\"100\" height=\"100\" loading=\"lazy\" title=\"Who we are\"><\/div><div class=\"uagb-ifb-title-wrap\"><h6 class=\"uagb-ifb-title\">Easy online booking, secure payment<\/h6><\/div><\/div><\/div><\/div>\n\n\n\n<div class=\"wp-block-uagb-info-box uagb-block-16c800a4 uagb-infobox__content-wrap  uagb-infobox-icon-above-title uagb-infobox-image-valign-top wp-block-uagb-info-box--has-margin\"><div class=\"uagb-infobox-margin-wrapper\"><div class=\"uagb-ifb-content\"><div class=\"uagb-ifb-image-content\"><img decoding=\"async\" src=\"https:\/\/netegesester.com\/wp-content\/uploads\/2020\/05\/products.png\" alt=\"Products\" width=\"100\" height=\"100\" loading=\"lazy\" title=\"Who we are\"><\/div><div class=\"uagb-ifb-title-wrap\"><h6 class=\"uagb-ifb-title\">Effective and environmentally friendly products<\/h6><\/div><\/div><\/div><\/div>\n<\/div>\n\n\n\n<div class=\"wp-block-uagb-advanced-heading uagb-block-2f23cd5c\"><p class=\"uagb-heading-text\">We work with professional cleaning products that are effective and respectful of people and the environment. We take care of your home as if it were our own.<\/p><\/div>\n<\/div><\/div>\n\n\n\n<div class=\"wp-block-uagb-container uagb-block-1a6734fe alignfull uagb-is-root-container\"><div class=\"uagb-container-inner-blocks-wrap\">\n<div class=\"wp-block-uagb-advanced-heading uagb-block-b056057b\"><h2 class=\"uagb-heading-text\">Do you want to know what we can do for you?<br><\/h2><\/div>\n\n\n\n<div class=\"wp-block-uagb-container uagb-block-a8603c2e\">\n<div class=\"wp-block-uagb-call-to-action uagb-block-eec57917 wp-block-button\"><div class=\"uagb-cta__wrap\"><h4 class=\"uagb-cta__title\">Book now or ask us for a no-obligation quote<\/h4><\/div><div class=\"uagb-cta__buttons\"><a href=\"https:\/\/netegesester.com\/en\/reserva\/\" class=\"uagb-cta__button-link-wrapper wp-block-button__link\" target=\"_self\" rel=\"noopener noreferrer\">Book online<\/a><\/div><\/div>\n<\/div>\n<\/div><\/div>\n\n\n\n<div class=\"wp-block-uagb-container uagb-layout-flex uagb-block-877e8021 alignfull uagb-is-root-container\"><div class=\"uagb-container-inner-blocks-wrap\">\n<div class=\"wp-block-uagb-info-box uagb-block-2c46f440 uagb-infobox__content-wrap  uagb-infobox-icon-above-title uagb-infobox-image-valign-top wp-block-uagb-info-box--has-margin\"><div class=\"uagb-infobox-margin-wrapper\"><div class=\"uagb-ifb-content\"><div class=\"uagb-ifb-title-wrap\"><h2 class=\"uagb-ifb-title\">Indicative rates<\/h2><\/div><p class=\"uagb-ifb-desc\">Approximate prices to give you an idea. The final budget depends on the size of the space and the frequency of the service.<\/p><\/div><\/div><\/div>\n\n\n\n<div class=\"wp-block-uagb-container uagb-block-1af25e29\">\n<div class=\"wp-block-uagb-container uagb-block-6f60e4ea\">\n<div class=\"wp-block-uagb-container uagb-block-9384dcef\">\n<div class=\"wp-block-uagb-info-box uagb-block-c488b6bd uagb-infobox__content-wrap  uagb-infobox-icon-above-title uagb-infobox-image-valign-top wp-block-uagb-info-box--has-margin\"><div class=\"uagb-infobox-margin-wrapper\"><div class=\"uagb-ifb-content\"><div class=\"uagb-ifb-title-wrap\"><h3 class=\"uagb-ifb-title\">Cleaning by the hour<\/h3><\/div><p class=\"uagb-ifb-desc\"><strong>From 18 \u20ac\/hour<\/strong><\/p><\/div><\/div><\/div>\n<\/div>\n\n\n\n<div class=\"wp-block-uagb-info-box uagb-block-2346dde1 uagb-infobox__content-wrap  uagb-infobox-icon-above-title uagb-infobox-image-valign-top wp-block-uagb-info-box--has-margin\"><div class=\"uagb-infobox-margin-wrapper\"><div class=\"uagb-ifb-content\"><div class=\"uagb-ifb-title-wrap\"><h6 class=\"uagb-ifb-title\">For private households<\/h6><\/div><p class=\"uagb-ifb-desc\">Ideal for regular maintenance. Minimum 2 hours per visit. Discounts for recurring weekly or fortnightly services.<\/p><\/div><\/div><\/div>\n<\/div>\n\n\n\n<div class=\"wp-block-uagb-container uagb-block-9b7a4db7\">\n<div class=\"wp-block-uagb-container uagb-block-5d5b3bfb\">\n<div class=\"wp-block-uagb-info-box uagb-block-504f71dc uagb-infobox__content-wrap  uagb-infobox-icon-above-title uagb-infobox-image-valign-top wp-block-uagb-info-box--has-margin\"><div class=\"uagb-infobox-margin-wrapper\"><div class=\"uagb-ifb-content\"><div class=\"uagb-ifb-title-wrap\"><h3 class=\"uagb-ifb-title\">Holiday cleaning<\/h3><\/div><p class=\"uagb-ifb-desc\"><strong><strong>From 80 \u20ac\/cleaning<\/strong><\/strong><\/p><\/div><\/div><\/div>\n<\/div>\n\n\n\n<div class=\"wp-block-uagb-info-box uagb-block-12ca8779 uagb-infobox__content-wrap  uagb-infobox-icon-above-title uagb-infobox-image-valign-top wp-block-uagb-info-box--has-margin\"><div class=\"uagb-infobox-margin-wrapper\"><div class=\"uagb-ifb-content\"><div class=\"uagb-ifb-title-wrap\"><h6 class=\"uagb-ifb-title\">For flats and holiday homes<\/h6><\/div><p class=\"uagb-ifb-desc\">Includes complete cleaning between stays and change of bed linen. Price according to square metres and equipment.<\/p><\/div><\/div><\/div>\n<\/div>\n\n\n\n<div class=\"wp-block-uagb-container uagb-block-3c6c9ea5\">\n<div class=\"wp-block-uagb-container uagb-block-17bb91d8\">\n<div class=\"wp-block-uagb-info-box uagb-block-b069ab7e uagb-infobox__content-wrap  uagb-infobox-icon-above-title uagb-infobox-image-valign-top wp-block-uagb-info-box--has-margin\"><div class=\"uagb-infobox-margin-wrapper\"><div class=\"uagb-ifb-content\"><div class=\"uagb-ifb-title-wrap\"><h3 class=\"uagb-ifb-title\">Final cleaning of the building site<\/h3><\/div><p class=\"uagb-ifb-desc\"><strong><strong>From 3 \u20ac\/m\u00b2.<\/strong><\/strong><\/p><\/div><\/div><\/div>\n<\/div>\n\n\n\n<div class=\"wp-block-uagb-info-box uagb-block-c0850ffa uagb-infobox__content-wrap  uagb-infobox-icon-above-title uagb-infobox-image-valign-top wp-block-uagb-info-box--has-margin\"><div class=\"uagb-infobox-margin-wrapper\"><div class=\"uagb-ifb-content\"><div class=\"uagb-ifb-title-wrap\"><h6 class=\"uagb-ifb-title\">For construction, renovation and building work<\/h6><\/div><p class=\"uagb-ifb-desc\">Removal of dust, material remains and dirt from building work. Personalised quote according to surface and condition.<\/p><\/div><\/div><\/div>\n<\/div>\n<\/div>\n\n\n\n<div class=\"wp-block-uagb-advanced-heading uagb-block-a64d5319\"><p class=\"uagb-heading-text\">NOTE: The prices indicated are approximate and may vary depending on the location, the size of the space and the services required. Contact us for a personalised, no-obligation quote.<\/p><\/div>\n<\/div><\/div>\n\n\n\n<div class=\"wp-block-uagb-container uagb-block-8ecc40e4 alignfull uagb-is-root-container\"><div class=\"uagb-container-inner-blocks-wrap\">\n<div class=\"wp-block-uagb-container uagb-block-9d9b4e35\">\n<div class=\"wp-block-uagb-info-box uagb-block-05325546 uagb-infobox__content-wrap  uagb-infobox-icon-above-title uagb-infobox-image-valign-top wp-block-uagb-info-box--has-margin\"><div class=\"uagb-infobox-margin-wrapper\"><div class=\"uagb-ifb-content\"><div class=\"uagb-ifb-title-wrap\"><h2 class=\"uagb-ifb-title\">Our team<\/h2><\/div><p class=\"uagb-ifb-desc\">The Neteges Ester team is made up of experienced professionals, personally selected by Ester. We work with discretion, respecting your space and privacy at all times.<\/p><\/div><\/div><\/div>\n\n\n\n<div class=\"wp-block-uagb-icon-list uagb-block-9ee7a70d\"><div class=\"uagb-icon-list__wrap\">\n<div class=\"wp-block-uagb-icon-list-child uagb-block-91dc36b6\"><span class=\"uagb-icon-list__source-wrap\"><svg xmlns=\"https:\/\/www.w3.org\/2000\/svg\" viewbox=\"0 0 448 512\"><path d=\"M384 32C419.3 32 448 60.65 448 96V416C448 451.3 419.3 480 384 480H64C28.65 480 0 451.3 0 416V96C0 60.65 28.65 32 64 32H384zM339.8 211.8C350.7 200.9 350.7 183.1 339.8 172.2C328.9 161.3 311.1 161.3 300.2 172.2L192 280.4L147.8 236.2C136.9 225.3 119.1 225.3 108.2 236.2C97.27 247.1 97.27 264.9 108.2 275.8L172.2 339.8C183.1 350.7 200.9 350.7 211.8 339.8L339.8 211.8z\"><\/path><\/svg><\/span><span class=\"uagb-icon-list__label\">Professionals with proven experience<\/span><\/div>\n\n\n\n<div class=\"wp-block-uagb-icon-list-child uagb-block-935b2858\"><span class=\"uagb-icon-list__source-wrap\"><svg xmlns=\"https:\/\/www.w3.org\/2000\/svg\" viewbox=\"0 0 448 512\"><path d=\"M384 32C419.3 32 448 60.65 448 96V416C448 451.3 419.3 480 384 480H64C28.65 480 0 451.3 0 416V96C0 60.65 28.65 32 64 32H384zM339.8 211.8C350.7 200.9 350.7 183.1 339.8 172.2C328.9 161.3 311.1 161.3 300.2 172.2L192 280.4L147.8 236.2C136.9 225.3 119.1 225.3 108.2 236.2C97.27 247.1 97.27 264.9 108.2 275.8L172.2 339.8C183.1 350.7 200.9 350.7 211.8 339.8L339.8 211.8z\"><\/path><\/svg><\/span><span class=\"uagb-icon-list__label\">Selected and trained by the founder<\/span><\/div>\n\n\n\n<div class=\"wp-block-uagb-icon-list-child uagb-block-bdcae34b\"><span class=\"uagb-icon-list__source-wrap\"><svg xmlns=\"https:\/\/www.w3.org\/2000\/svg\" viewbox=\"0 0 448 512\"><path d=\"M384 32C419.3 32 448 60.65 448 96V416C448 451.3 419.3 480 384 480H64C28.65 480 0 451.3 0 416V96C0 60.65 28.65 32 64 32H384zM339.8 211.8C350.7 200.9 350.7 183.1 339.8 172.2C328.9 161.3 311.1 161.3 300.2 172.2L192 280.4L147.8 236.2C136.9 225.3 119.1 225.3 108.2 236.2C97.27 247.1 97.27 264.9 108.2 275.8L172.2 339.8C183.1 350.7 200.9 350.7 211.8 339.8L339.8 211.8z\"><\/path><\/svg><\/span><span class=\"uagb-icon-list__label\">Punctual and committed to quality<\/span><\/div>\n\n\n\n<div class=\"wp-block-uagb-icon-list-child uagb-block-4fde4c18\"><span class=\"uagb-icon-list__source-wrap\"><svg xmlns=\"https:\/\/www.w3.org\/2000\/svg\" viewbox=\"0 0 448 512\"><path d=\"M384 32C419.3 32 448 60.65 448 96V416C448 451.3 419.3 480 384 480H64C28.65 480 0 451.3 0 416V96C0 60.65 28.65 32 64 32H384zM339.8 211.8C350.7 200.9 350.7 183.1 339.8 172.2C328.9 161.3 311.1 161.3 300.2 172.2L192 280.4L147.8 236.2C136.9 225.3 119.1 225.3 108.2 236.2C97.27 247.1 97.27 264.9 108.2 275.8L172.2 339.8C183.1 350.7 200.9 350.7 211.8 339.8L339.8 211.8z\"><\/path><\/svg><\/span><span class=\"uagb-icon-list__label\">Discreet and respectful of your home<\/span><\/div>\n\n\n\n<div class=\"wp-block-uagb-icon-list-child uagb-block-ba0b9319\"><span class=\"uagb-icon-list__source-wrap\"><svg xmlns=\"https:\/\/www.w3.org\/2000\/svg\" viewbox=\"0 0 448 512\"><path d=\"M384 32C419.3 32 448 60.65 448 96V416C448 451.3 419.3 480 384 480H64C28.65 480 0 451.3 0 416V96C0 60.65 28.65 32 64 32H384zM339.8 211.8C350.7 200.9 350.7 183.1 339.8 172.2C328.9 161.3 311.1 161.3 300.2 172.2L192 280.4L147.8 236.2C136.9 225.3 119.1 225.3 108.2 236.2C97.27 247.1 97.27 264.9 108.2 275.8L172.2 339.8C183.1 350.7 200.9 350.7 211.8 339.8L339.8 211.8z\"><\/path><\/svg><\/span><span class=\"uagb-icon-list__label\">Specialised in campsites, bungalows and tourist accommodation.<\/span><\/div>\n<\/div><\/div>\n<\/div>\n\n\n\n<div class=\"wp-block-uagb-container uagb-block-9563669e\">\n<div class=\"wp-block-uagb-image uagb-block-ff6fcecb wp-block-uagb-image--layout-default wp-block-uagb-image--effect-static wp-block-uagb-image--align-none\"><figure class=\"wp-block-uagb-image__figure\"><img decoding=\"async\" srcset=\"https:\/\/netegesester.com\/wp-content\/uploads\/2026\/03\/quienes-somos-equipo-1024x701.webp ,https:\/\/netegesester.com\/wp-content\/uploads\/2026\/03\/quienes-somos-equipo.webp 780w, https:\/\/netegesester.com\/wp-content\/uploads\/2026\/03\/quienes-somos-equipo.webp 360w\" sizes=\"auto, (max-width: 480px) 150px\" src=\"https:\/\/netegesester.com\/wp-content\/uploads\/2026\/03\/quienes-somos-equipo-1024x701.webp\" alt=\"who we are team\" class=\"uag-image-3058\" width=\"1024\" height=\"701\" title=\"who we are team\" loading=\"lazy\" role=\"img\"\/><\/figure><\/div>\n<\/div>\n<\/div><\/div>","protected":false},"excerpt":{"rendered":"<p>Empresa de limipieza, Neteges Ester: m\u00e1s de 5 a\u00f1os cuidando tu hogar Neteges Ester Empresa de limpieza para el hogar y empresas Nuestro compromiso contigo Trabajamos con productos de limpieza profesionales, eficaces y respetuosos con las personas y el medio ambiente. Cuidamos tu hogar como si fuera el nuestro. \u00bfQuieres saber qu\u00e9 podemos hacer por [&hellip;]<\/p>\n","protected":false},"author":2,"featured_media":0,"parent":0,"menu_order":0,"comment_status":"closed","ping_status":"closed","template":"","meta":{"_uag_custom_page_level_css":"","site-sidebar-layout":"no-sidebar","site-content-layout":"page-builder","ast-site-content-layout":"full-width-container","site-content-style":"unboxed","site-sidebar-style":"unboxed","ast-global-header-display":"","ast-banner-title-visibility":"","ast-main-header-display":"","ast-hfb-above-header-display":"","ast-hfb-below-header-display":"","ast-hfb-mobile-header-display":"","site-post-title":"disabled","ast-breadcrumbs-content":"","ast-featured-img":"disabled","footer-sml-layout":"","ast-disable-related-posts":"","theme-transparent-header-meta":"default","adv-header-id-meta":"","stick-header-meta":"","header-above-stick-meta":"","header-main-stick-meta":"","header-below-stick-meta":"","astra-migrate-meta-layouts":"set","ast-page-background-enabled":"default","ast-page-background-meta":{"desktop":{"background-color":"","background-image":"","background-repeat":"repeat","background-position":"center center","background-size":"auto","background-attachment":"scroll","background-type":"","background-media":"","overlay-type":"","overlay-color":"","overlay-opacity":"","overlay-gradient":""},"tablet":{"background-color":"","background-image":"","background-repeat":"repeat","background-position":"center center","background-size":"auto","background-attachment":"scroll","background-type":"","background-media":"","overlay-type":"","overlay-color":"","overlay-opacity":"","overlay-gradient":""},"mobile":{"background-color":"","background-image":"","background-repeat":"repeat","background-position":"center center","background-size":"auto","background-attachment":"scroll","background-type":"","background-media":"","overlay-type":"","overlay-color":"","overlay-opacity":"","overlay-gradient":""}},"ast-content-background-meta":{"desktop":{"background-color":"var(--ast-global-color-4)","background-image":"","background-repeat":"repeat","background-position":"center center","background-size":"auto","background-attachment":"scroll","background-type":"","background-media":"","overlay-type":"","overlay-color":"","overlay-opacity":"","overlay-gradient":""},"tablet":{"background-color":"var(--ast-global-color-4)","background-image":"","background-repeat":"repeat","background-position":"center center","background-size":"auto","background-attachment":"scroll","background-type":"","background-media":"","overlay-type":"","overlay-color":"","overlay-opacity":"","overlay-gradient":""},"mobile":{"background-color":"var(--ast-global-color-4)","background-image":"","background-repeat":"repeat","background-position":"center center","background-size":"auto","background-attachment":"scroll","background-type":"","background-media":"","overlay-type":"","overlay-color":"","overlay-opacity":"","overlay-gradient":""}},"footnotes":""},"class_list":["post-1352","page","type-page","status-publish","hentry"],"uagb_featured_image_src":{"full":false,"thumbnail":false,"medium":false,"medium_large":false,"large":false,"1536x1536":false,"2048x2048":false,"trp-custom-language-flag":false},"uagb_author_info":{"display_name":"Domingo","author_link":"https:\/\/netegesester.com\/en\/author\/dominigo\/"},"uagb_comment_info":0,"uagb_excerpt":"Empresa de limipieza, Neteges Ester: m\u00e1s de 5 a\u00f1os cuidando tu hogar Neteges Ester Empresa de limpieza para el hogar y empresas Nuestro compromiso contigo Trabajamos con productos de limpieza profesionales, eficaces y respetuosos con las personas y el medio ambiente. Cuidamos tu hogar como si fuera el nuestro. \u00bfQuieres saber qu\u00e9 podemos hacer por&hellip;","_links":{"self":[{"href":"https:\/\/netegesester.com\/en\/wp-json\/wp\/v2\/pages\/1352","targetHints":{"allow":["GET"]}}],"collection":[{"href":"https:\/\/netegesester.com\/en\/wp-json\/wp\/v2\/pages"}],"about":[{"href":"https:\/\/netegesester.com\/en\/wp-json\/wp\/v2\/types\/page"}],"author":[{"embeddable":true,"href":"https:\/\/netegesester.com\/en\/wp-json\/wp\/v2\/users\/2"}],"replies":[{"embeddable":true,"href":"https:\/\/netegesester.com\/en\/wp-json\/wp\/v2\/comments?post=1352"}],"version-history":[{"count":14,"href":"https:\/\/netegesester.com\/en\/wp-json\/wp\/v2\/pages\/1352\/revisions"}],"predecessor-version":[{"id":3264,"href":"https:\/\/netegesester.com\/en\/wp-json\/wp\/v2\/pages\/1352\/revisions\/3264"}],"wp:attachment":[{"href":"https:\/\/netegesester.com\/en\/wp-json\/wp\/v2\/media?parent=1352"}],"curies":[{"name":"wp","href":"https:\/\/api.w.org\/{rel}","templated":true}]}}