{"id":3040,"date":"2026-03-26T21:21:24","date_gmt":"2026-03-26T21:21:24","guid":{"rendered":"https:\/\/netegesester.com\/?page_id=3040"},"modified":"2026-03-26T21:21:24","modified_gmt":"2026-03-26T21:21:24","slug":"politica-de-privacitat","status":"publish","type":"page","link":"https:\/\/netegesester.com\/ca\/politica-de-privacidad\/","title":{"rendered":"Pol\u00edtica de privacitat"},"content":{"rendered":"<h2 class=\"wp-block-heading\">Sobre nosaltres<\/h2>\n\n\n\n<p>L'adre\u00e7a del nostre lloc web \u00e9s: https:\/\/netegesester.com.<\/p>\n\n\n\n<h2 class=\"wp-block-heading\">Comentaris<\/h2>\n\n\n\n<p>Quan els visitants deixen comentaris al lloc web, recollim les dades que es mostren al formulari de comentaris, aix\u00ed com l'adre\u00e7a IP del visitant i la cadena d'agent d'usuari del navegador per ajudar a detectar correu brossa.<\/p>\n\n\n\n<p>Una cadena an\u00f2nima generada a partir de la teva adre\u00e7a de correu electr\u00f2nic (tamb\u00e9 coneguda com a hash) es pot proporcionar al servei Gravatar per comprovar si l'est\u00e0s utilitzant. La pol\u00edtica de privacitat del servei Gravatar est\u00e0 disponible aqu\u00ed: https:\/\/automattic.com\/privacy\/. Un cop s'hagi aprovat el teu comentari, la imatge del teu perfil ser\u00e0 visible al p\u00fablic juntament amb el teu comentari.<\/p>\n\n\n\n<h2 class=\"wp-block-heading\">Mitjans<\/h2>\n\n\n\n<p>Si penges imatges al lloc web, has d'evitar penjar imatges que continguin dades de localitzaci\u00f3 (GPS EXIF). Els visitants del lloc web poden descarregar i extreure qualsevol dada de localitzaci\u00f3 de les imatges del lloc.<\/p>\n\n\n\n<h2 class=\"wp-block-heading\">Galetes<\/h2>\n\n\n\n<p>Si deixes un comentari al nostre lloc, pots triar desar el teu nom, la teva adre\u00e7a de correu electr\u00f2nic i el teu lloc web en galetes. Aix\u00f2 \u00e9s per a la teva comoditat, perqu\u00e8 no hagis de tornar a omplir les teves dades quan deixis un altre comentari. Aquestes galetes duraran un any.<\/p>\n\n\n\n<p>Si tens un compte i inici\u00efs la sessi\u00f3 en aquest lloc, establirem una galeta temporal per determinar si el teu navegador accepta galetes. Aquesta galeta no cont\u00e9 dades personals i s'elimina quan tanques el navegador.<\/p>\n\n\n\n<p>Quan inici\u00efs la sessi\u00f3, tamb\u00e9 establirem diverses galetes per desar les teves dades d'inici de sessi\u00f3 i la configuraci\u00f3 de visualitzaci\u00f3. Les galetes d'inici de sessi\u00f3 duren dos dies, i les galetes de configuraci\u00f3 de visualitzaci\u00f3 duren un any. Si selecciones \u00abRecordar-me\u00bb, la teva sessi\u00f3 romandr\u00e0 activa durant dues setmanes. Si et desconnectes del teu compte, les galetes d'inici de sessi\u00f3 s'eliminaran.<\/p>\n\n\n\n<p>Si edites o publiques un article, s'emmagatzemar\u00e0 una galeta addicional al teu navegador. Aquesta galeta no cont\u00e9 cap dada personal; simplement identifica l'article que acabes d'editar. Caduca al cap d'un dia.<\/p>\n\n\n\n<h2 class=\"wp-block-heading\">Contingut incrustat d'altres llocs web<\/h2>\n\n\n\n<p>Els articles d'aquest lloc poden incloure contingut incrustat (p. ex. v\u00eddeos, imatges, articles, etc.). El contingut incrustat d'altres llocs web es comporta exactament de la mateixa manera que si el visitant hagu\u00e9s visitat l'altre lloc web.<\/p>\n\n\n\n<p>Aquests llocs web poden recollir dades sobre tu, utilitzar galetes, incrustar seguiments addicionals de tercers i monitorar la teva interacci\u00f3 amb aquest contingut incrustat, incloent-hi el seguiment de la teva interacci\u00f3 amb el contingut incrustat si tens un compte i est\u00e0s iniciat en aquest lloc web.<\/p>\n\n\n\n<h2 class=\"wp-block-heading\">Amb qui compartim les teves dades<\/h2>\n\n\n\n<p>Si sol\u00b7liciteu un restabliment de contrasenya, la vostra adre\u00e7a IP s'inclour\u00e0 en el correu electr\u00f2nic de restabliment.<\/p>\n\n\n\n<h2 class=\"wp-block-heading\">Quant de temps conservem les teves dades<\/h2>\n\n\n\n<p>Si deixes un comentari, el comentari i les seves metadades es conserven indefinidament. Aix\u00f2 \u00e9s perqu\u00e8 puguem recon\u00e8ixer autom\u00e0ticament i aprovar qualsevol comentari de seguiment, en lloc de mantenir-los en una llista d'espera de moderaci\u00f3.<\/p>\n\n\n\n<p>Per als usuaris que es registrin al nostre lloc web (si n'hi ha), tamb\u00e9 emmagatzemem la informaci\u00f3 personal que proporcionen al seu perfil d'usuari. Tots els usuaris poden veure, editar o suprimir la seva informaci\u00f3 personal en qualsevol moment (excepte que no poden canviar el seu nom d'usuari). Els administradors del lloc web tamb\u00e9 poden veure i editar aquesta informaci\u00f3.<\/p>\n\n\n\n<h2 class=\"wp-block-heading\">Quins drets teniu respecte a les vostres dades?<\/h2>\n\n\n\n<p>Si teniu un compte o heu deixat comentaris en aquest lloc web, podeu sol\u00b7licitar un fitxer d'exportaci\u00f3 de les dades personals que tenim sobre vosaltres, incloses totes les dades que ens heu proporcionat. Tamb\u00e9 podeu sol\u00b7licitar que suprimim qualsevol dada personal que tinguem sobre vosaltres. Aix\u00f2 no inclou cap dada que estiguem obligats a conservar per motius administratius, legals o de seguretat.<\/p>\n\n\n\n<h2 class=\"wp-block-heading\">On s'envien les teves dades<\/h2>\n\n\n\n<p>Els comentaris dels visitants poden ser revisats per un servei autom\u00e0tic de detecci\u00f3 de correu brossa.<\/p>","protected":false},"excerpt":{"rendered":"<p>Qui\u00e9nes somos La direcci\u00f3n de nuestra web es: https:\/\/netegesester.com. Comentarios Cuando los visitantes dejan comentarios en la web, recopilamos los datos que se muestran en el formulario de comentarios, as\u00ed como la direcci\u00f3n IP del visitante y la cadena de agentes de usuario del navegador para ayudar a la detecci\u00f3n de spam. Una cadena an\u00f3nima [&hellip;]<\/p>\n","protected":false},"author":2,"featured_media":0,"parent":0,"menu_order":0,"comment_status":"closed","ping_status":"closed","template":"","meta":{"_uag_custom_page_level_css":"","site-sidebar-layout":"default","site-content-layout":"","ast-site-content-layout":"default","site-content-style":"default","site-sidebar-style":"default","ast-global-header-display":"","ast-banner-title-visibility":"","ast-main-header-display":"","ast-hfb-above-header-display":"","ast-hfb-below-header-display":"","ast-hfb-mobile-header-display":"","site-post-title":"","ast-breadcrumbs-content":"","ast-featured-img":"","footer-sml-layout":"","ast-disable-related-posts":"","theme-transparent-header-meta":"","adv-header-id-meta":"","stick-header-meta":"","header-above-stick-meta":"","header-main-stick-meta":"","header-below-stick-meta":"","astra-migrate-meta-layouts":"set","ast-page-background-enabled":"default","ast-page-background-meta":{"desktop":{"background-color":"","background-image":"","background-repeat":"repeat","background-position":"center center","background-size":"auto","background-attachment":"scroll","background-type":"","background-media":"","overlay-type":"","overlay-color":"","overlay-opacity":"","overlay-gradient":""},"tablet":{"background-color":"","background-image":"","background-repeat":"repeat","background-position":"center center","background-size":"auto","background-attachment":"scroll","background-type":"","background-media":"","overlay-type":"","overlay-color":"","overlay-opacity":"","overlay-gradient":""},"mobile":{"background-color":"","background-image":"","background-repeat":"repeat","background-position":"center center","background-size":"auto","background-attachment":"scroll","background-type":"","background-media":"","overlay-type":"","overlay-color":"","overlay-opacity":"","overlay-gradient":""}},"ast-content-background-meta":{"desktop":{"background-color":"var(--ast-global-color-4)","background-image":"","background-repeat":"repeat","background-position":"center center","background-size":"auto","background-attachment":"scroll","background-type":"","background-media":"","overlay-type":"","overlay-color":"","overlay-opacity":"","overlay-gradient":""},"tablet":{"background-color":"var(--ast-global-color-4)","background-image":"","background-repeat":"repeat","background-position":"center center","background-size":"auto","background-attachment":"scroll","background-type":"","background-media":"","overlay-type":"","overlay-color":"","overlay-opacity":"","overlay-gradient":""},"mobile":{"background-color":"var(--ast-global-color-4)","background-image":"","background-repeat":"repeat","background-position":"center center","background-size":"auto","background-attachment":"scroll","background-type":"","background-media":"","overlay-type":"","overlay-color":"","overlay-opacity":"","overlay-gradient":""}},"footnotes":""},"class_list":["post-3040","page","type-page","status-publish","hentry"],"uagb_featured_image_src":{"full":false,"thumbnail":false,"medium":false,"medium_large":false,"large":false,"1536x1536":false,"2048x2048":false,"trp-custom-language-flag":false},"uagb_author_info":{"display_name":"Domingo","author_link":"https:\/\/netegesester.com\/ca\/author\/dominigo\/"},"uagb_comment_info":0,"uagb_excerpt":"Qui\u00e9nes somos La direcci\u00f3n de nuestra web es: https:\/\/netegesester.com. Comentarios Cuando los visitantes dejan comentarios en la web, recopilamos los datos que se muestran en el formulario de comentarios, as\u00ed como la direcci\u00f3n IP del visitante y la cadena de agentes de usuario del navegador para ayudar a la detecci\u00f3n de spam. Una cadena an\u00f3nima&hellip;","_links":{"self":[{"href":"https:\/\/netegesester.com\/ca\/wp-json\/wp\/v2\/pages\/3040","targetHints":{"allow":["GET"]}}],"collection":[{"href":"https:\/\/netegesester.com\/ca\/wp-json\/wp\/v2\/pages"}],"about":[{"href":"https:\/\/netegesester.com\/ca\/wp-json\/wp\/v2\/types\/page"}],"author":[{"embeddable":true,"href":"https:\/\/netegesester.com\/ca\/wp-json\/wp\/v2\/users\/2"}],"replies":[{"embeddable":true,"href":"https:\/\/netegesester.com\/ca\/wp-json\/wp\/v2\/comments?post=3040"}],"version-history":[{"count":1,"href":"https:\/\/netegesester.com\/ca\/wp-json\/wp\/v2\/pages\/3040\/revisions"}],"predecessor-version":[{"id":3041,"href":"https:\/\/netegesester.com\/ca\/wp-json\/wp\/v2\/pages\/3040\/revisions\/3041"}],"wp:attachment":[{"href":"https:\/\/netegesester.com\/ca\/wp-json\/wp\/v2\/media?parent=3040"}],"curies":[{"name":"wp","href":"https:\/\/api.w.org\/{rel}","templated":true}]}}