{"id":1352,"date":"2026-03-26T20:21:03","date_gmt":"2026-03-26T20:21:03","guid":{"rendered":"https:\/\/netegesester.com\/about\/"},"modified":"2026-05-15T09:45:13","modified_gmt":"2026-05-15T07:45:13","slug":"empresa-de-neteja","status":"publish","type":"page","link":"https:\/\/netegesester.com\/ca\/empresa-de-limpieza\/","title":{"rendered":"Sobre nosaltres"},"content":{"rendered":"<div class=\"wp-block-uagb-container uagb-block-6f4f8532 alignfull uagb-is-root-container\"><div class=\"uagb-container-inner-blocks-wrap\">\n<div class=\"wp-block-uagb-advanced-heading uagb-block-10dbb5ae\"><h1 class=\"uagb-heading-text\">Neteges Ester, empresa de neteja: m\u00e9s de 5 anys cuidant de la vostra llar<\/h1><\/div>\n<\/div><\/div>\n\n\n\n<div class=\"wp-block-uagb-container uagb-block-0b4f71de alignfull uagb-is-root-container\"><div class=\"uagb-container-inner-blocks-wrap\">\n<div class=\"wp-block-uagb-container uagb-block-993ee68f\">\n<div class=\"wp-block-uagb-image uagb-block-41a754cf wp-block-uagb-image--layout-default wp-block-uagb-image--effect-static wp-block-uagb-image--align-none\"><figure class=\"wp-block-uagb-image__figure\"><img decoding=\"async\" srcset=\"https:\/\/netegesester.com\/wp-content\/uploads\/2026\/03\/freepik_cleaning-woman-in-a-green-uniform-using-a-vacuum-in-a-sunlit-modern-living-room-wooden-floors-and-white-walls-no-face-visible_0010-1024x701.webp ,https:\/\/netegesester.com\/wp-content\/uploads\/2026\/03\/freepik_cleaning-woman-in-a-green-uniform-using-a-vacuum-in-a-sunlit-modern-living-room-wooden-floors-and-white-walls-no-face-visible_0010.webp 780w, https:\/\/netegesester.com\/wp-content\/uploads\/2026\/03\/freepik_cleaning-woman-in-a-green-uniform-using-a-vacuum-in-a-sunlit-modern-living-room-wooden-floors-and-white-walls-no-face-visible_0010.webp 360w\" sizes=\"auto, (max-width: 480px) 150px\" src=\"https:\/\/netegesester.com\/wp-content\/uploads\/2026\/03\/freepik_cleaning-woman-in-a-green-uniform-using-a-vacuum-in-a-sunlit-modern-living-room-wooden-floors-and-white-walls-no-face-visible_0010-1024x701.webp\" alt=\"freepik: una dona de neteja amb uniforme verd que fa servir un aspirador en una sala d&#039;estar moderna i assolellada amb terres de fusta i parets blanques; el seu rostre no es veu 0010\" class=\"uag-image-3090\" width=\"396\" height=\"271\" title=\"freepik: una dona de neteja amb uniforme verd que fa servir un aspirador en una sala d&#039;estar moderna i assolellada amb terres de fusta i parets blanques; el seu rostre no es veu 0010\" loading=\"lazy\" role=\"img\"\/><\/figure><\/div>\n\n\n\n<div class=\"wp-block-uagb-image uagb-block-4a98d9f4 wp-block-uagb-image--layout-default wp-block-uagb-image--effect-static wp-block-uagb-image--align-none\"><figure class=\"wp-block-uagb-image__figure\"><img decoding=\"async\" srcset=\"https:\/\/netegesester.com\/wp-content\/uploads\/2026\/03\/freepik_worker-in-green-overalls-painting-interior-white-wall-with-roller-sunlit-modern-home-face-obscured-highresolution-sharpness_0005-1024x701.webp ,https:\/\/netegesester.com\/wp-content\/uploads\/2026\/03\/freepik_worker-in-green-overalls-painting-interior-white-wall-with-roller-sunlit-modern-home-face-obscured-highresolution-sharpness_0005.webp 780w, https:\/\/netegesester.com\/wp-content\/uploads\/2026\/03\/freepik_worker-in-green-overalls-painting-interior-white-wall-with-roller-sunlit-modern-home-face-obscured-highresolution-sharpness_0005.webp 360w\" sizes=\"auto, (max-width: 480px) 150px\" src=\"https:\/\/netegesester.com\/wp-content\/uploads\/2026\/03\/freepik_worker-in-green-overalls-painting-interior-white-wall-with-roller-sunlit-modern-home-face-obscured-highresolution-sharpness_0005-1024x701.webp\" alt=\"Imatge de Freepik d&#039;un treballador amb mono verd pintant amb un corr\u00f3 una paret interior blanca; casa moderna il\u00b7luminada pel sol; rostre ocult; alta resoluci\u00f3; nitidesa 0005\" class=\"uag-image-3138\" width=\"390\" height=\"267\" title=\"Imatge de Freepik d&#039;un treballador amb mono verd pintant amb un corr\u00f3 una paret interior blanca; casa moderna il\u00b7luminada pel sol; rostre ocult; alta resoluci\u00f3; nitidesa 0005\" loading=\"lazy\" role=\"img\"\/><\/figure><\/div>\n\n\n\n<div class=\"wp-block-uagb-advanced-heading uagb-block-6f4889f4\"><h4 class=\"uagb-heading-text\">Ester Neteja<\/h4><p class=\"uagb-desc-text\">Empresa de neteja residencial i comercial<\/p><\/div>\n<\/div>\n\n\n\n<div class=\"wp-block-uagb-container uagb-block-79147a85\">\n<div class=\"wp-block-uagb-info-box uagb-block-fee0a910 uagb-infobox__content-wrap  uagb-infobox-icon-above-title uagb-infobox-image-valign-top wp-block-uagb-info-box--has-margin\"><div class=\"uagb-infobox-margin-wrapper\"><div class=\"uagb-ifb-content\"><div class=\"uagb-ifb-title-wrap\"><span class=\"uagb-ifb-title-prefix\">Un missatge del fundador<\/span><h2 class=\"uagb-ifb-title\">La vostra confian\u00e7a \u00e9s el que ens fa seguir endavant.<\/h2><\/div><p class=\"uagb-ifb-desc\">Vaig fundar Neteges Ester fa m\u00e9s de cinc anys amb una visi\u00f3 molt clara: oferir un servei de neteja professional, amable i fiable a la prov\u00edncia de <strong>Girona<\/strong>. Des de la nostra base a <strong>L'Estartit,<\/strong> al cor de <strong>Empord\u00e0 Baix<\/strong>, tamb\u00e9 treballem en el <strong>Cerdanya<\/strong> per atendre els clients en dues de les zones tur\u00edstiques m\u00e9s concorregudes de Catalunya.<br><br>Al llarg dels anys, hem desenvolupat una especialitat que ens diferencia: la neteja de c\u00e0mpings, bungalous i allotjaments de vacances. Entenem qu\u00e8 significa treballar durant la temporada alta, amb un canvi r\u00e0pid d'hostes i exig\u00e8ncies dels est\u00e0ndards m\u00e9s alts. El nostre equip est\u00e0 ben organitzat i preparat per respondre r\u00e0pidament sense renunciar a cap detall.<br><br>Tamb\u00e9 ens especialitzem en la neteja post-construcci\u00f3, amb procediments espec\u00edfics per garantir que les instal\u00b7lacions estiguin a punt per a la recepci\u00f3 o per a una obertura immediata. I per a tot el dem\u00e9s \u2014 habitatges, negocis, bugaderies \u2014 treballem amb el mateix nivell d'organitzaci\u00f3 i comprom\u00eds de sempre.<br><br>Gr\u00e0cies per confiar en nosaltres.<br><br><strong>Ester Vilamala Prat<\/strong><br><em>Fundadora de Neteges Ester \u00b7 L'Estartit (Girona)<\/em><\/p><\/div><\/div><\/div>\n<\/div>\n<\/div><\/div>\n\n\n\n<div class=\"wp-block-uagb-container uagb-block-a75e8de2 alignfull uagb-is-root-container\"><div class=\"uagb-container-inner-blocks-wrap\">\n<div class=\"wp-block-uagb-advanced-heading uagb-block-75d7d853\"><h2 class=\"uagb-heading-text\">El nostre comprom\u00eds amb vosaltres<\/h2><\/div>\n\n\n\n<div class=\"wp-block-uagb-container uagb-block-d5c4df1f\">\n<div class=\"wp-block-uagb-info-box uagb-block-a0bb226f uagb-infobox__content-wrap  uagb-infobox-icon-above-title uagb-infobox-image-valign-top wp-block-uagb-info-box--has-margin\"><div class=\"uagb-infobox-margin-wrapper\"><div class=\"uagb-ifb-content\"><div class=\"uagb-ifb-image-content\"><img decoding=\"async\" src=\"https:\/\/netegesester.com\/wp-content\/uploads\/2020\/05\/cleaners.png\" alt=\"Netejadors\" width=\"100\" height=\"100\" loading=\"lazy\" title=\"Sobre nosaltres\"><\/div><div class=\"uagb-ifb-title-wrap\"><h6 class=\"uagb-ifb-title\">Qualitat garantida en cada visita<\/h6><\/div><\/div><\/div><\/div>\n\n\n\n<div class=\"wp-block-uagb-info-box uagb-block-5a02c3fb uagb-infobox__content-wrap  uagb-infobox-icon-above-title uagb-infobox-image-valign-top wp-block-uagb-info-box--has-margin\"><div class=\"uagb-infobox-margin-wrapper\"><div class=\"uagb-ifb-content\"><div class=\"uagb-ifb-image-content\"><img decoding=\"async\" src=\"https:\/\/netegesester.com\/wp-content\/uploads\/2020\/05\/payment.png\" alt=\"Pagament\" width=\"100\" height=\"100\" loading=\"lazy\" title=\"Sobre nosaltres\"><\/div><div class=\"uagb-ifb-title-wrap\"><h6 class=\"uagb-ifb-title\">Reserva en l\u00ednia senzilla, pagament segur<\/h6><\/div><\/div><\/div><\/div>\n\n\n\n<div class=\"wp-block-uagb-info-box uagb-block-16c800a4 uagb-infobox__content-wrap  uagb-infobox-icon-above-title uagb-infobox-image-valign-top wp-block-uagb-info-box--has-margin\"><div class=\"uagb-infobox-margin-wrapper\"><div class=\"uagb-ifb-content\"><div class=\"uagb-ifb-image-content\"><img decoding=\"async\" src=\"https:\/\/netegesester.com\/wp-content\/uploads\/2020\/05\/products.png\" alt=\"Productes\" width=\"100\" height=\"100\" loading=\"lazy\" title=\"Sobre nosaltres\"><\/div><div class=\"uagb-ifb-title-wrap\"><h6 class=\"uagb-ifb-title\">Productes efica\u00e7os i respectuosos amb el medi ambient<\/h6><\/div><\/div><\/div><\/div>\n<\/div>\n\n\n\n<div class=\"wp-block-uagb-advanced-heading uagb-block-2f23cd5c\"><p class=\"uagb-heading-text\">Utilitzem productes de neteja professionals que s\u00f3n efica\u00e7os i respectuosos tant amb les persones com amb el medi ambient. Cuidem la vostra llar com si fos la nostra.<\/p><\/div>\n<\/div><\/div>\n\n\n\n<div class=\"wp-block-uagb-container uagb-block-1a6734fe alignfull uagb-is-root-container\"><div class=\"uagb-container-inner-blocks-wrap\">\n<div class=\"wp-block-uagb-advanced-heading uagb-block-b056057b\"><h2 class=\"uagb-heading-text\">Voldr\u00edeu saber qu\u00e8 podem fer per vosaltres?<br><\/h2><\/div>\n\n\n\n<div class=\"wp-block-uagb-container uagb-block-a8603c2e\">\n<div class=\"wp-block-uagb-call-to-action uagb-block-eec57917 wp-block-button\"><div class=\"uagb-cta__wrap\"><h4 class=\"uagb-cta__title\">Reserva ara o demana'ns un pressupost sense comprom\u00eds.<\/h4><\/div><div class=\"uagb-cta__buttons\"><a href=\"https:\/\/netegesester.com\/ca\/reserva\/\" class=\"uagb-cta__button-link-wrapper wp-block-button__link\" target=\"_self\" rel=\"noopener noreferrer\">Reserva en l\u00ednia<\/a><\/div><\/div>\n<\/div>\n<\/div><\/div>\n\n\n\n<div class=\"wp-block-uagb-container uagb-layout-flex uagb-block-877e8021 alignfull uagb-is-root-container\"><div class=\"uagb-container-inner-blocks-wrap\">\n<div class=\"wp-block-uagb-info-box uagb-block-2c46f440 uagb-infobox__content-wrap  uagb-infobox-icon-above-title uagb-infobox-image-valign-top wp-block-uagb-info-box--has-margin\"><div class=\"uagb-infobox-margin-wrapper\"><div class=\"uagb-ifb-content\"><div class=\"uagb-ifb-title-wrap\"><h2 class=\"uagb-ifb-title\">Taxes indicatives<\/h2><\/div><p class=\"uagb-ifb-desc\">Aquests s\u00f3n preus aproximats per donar-te una idea. El pressupost final dependr\u00e0 de la mida de l'espai i de la freq\u00fc\u00e8ncia amb qu\u00e8 es requereixi el servei.<\/p><\/div><\/div><\/div>\n\n\n\n<div class=\"wp-block-uagb-container uagb-block-1af25e29\">\n<div class=\"wp-block-uagb-container uagb-block-6f60e4ea\">\n<div class=\"wp-block-uagb-container uagb-block-9384dcef\">\n<div class=\"wp-block-uagb-info-box uagb-block-c488b6bd uagb-infobox__content-wrap  uagb-infobox-icon-above-title uagb-infobox-image-valign-top wp-block-uagb-info-box--has-margin\"><div class=\"uagb-infobox-margin-wrapper\"><div class=\"uagb-ifb-content\"><div class=\"uagb-ifb-title-wrap\"><h3 class=\"uagb-ifb-title\">Neteja per hores<\/h3><\/div><p class=\"uagb-ifb-desc\"><strong>A partir de 18 \u20ac per hora<\/strong><\/p><\/div><\/div><\/div>\n<\/div>\n\n\n\n<div class=\"wp-block-uagb-info-box uagb-block-2346dde1 uagb-infobox__content-wrap  uagb-infobox-icon-above-title uagb-infobox-image-valign-top wp-block-uagb-info-box--has-margin\"><div class=\"uagb-infobox-margin-wrapper\"><div class=\"uagb-ifb-content\"><div class=\"uagb-ifb-title-wrap\"><h6 class=\"uagb-ifb-title\">Per a llars particulars<\/h6><\/div><p class=\"uagb-ifb-desc\">Ideal per al manteniment peri\u00f2dic. M\u00ednim de 2 hores per visita. Descomptes disponibles per serveis setmanals o quinzenals.<\/p><\/div><\/div><\/div>\n<\/div>\n\n\n\n<div class=\"wp-block-uagb-container uagb-block-9b7a4db7\">\n<div class=\"wp-block-uagb-container uagb-block-5d5b3bfb\">\n<div class=\"wp-block-uagb-info-box uagb-block-504f71dc uagb-infobox__content-wrap  uagb-infobox-icon-above-title uagb-infobox-image-valign-top wp-block-uagb-info-box--has-margin\"><div class=\"uagb-infobox-margin-wrapper\"><div class=\"uagb-ifb-content\"><div class=\"uagb-ifb-title-wrap\"><h3 class=\"uagb-ifb-title\">Neteja de festes<\/h3><\/div><p class=\"uagb-ifb-desc\"><strong><strong>A partir de 80 \u20ac per neteja<\/strong><\/strong><\/p><\/div><\/div><\/div>\n<\/div>\n\n\n\n<div class=\"wp-block-uagb-info-box uagb-block-12ca8779 uagb-infobox__content-wrap  uagb-infobox-icon-above-title uagb-infobox-image-valign-top wp-block-uagb-info-box--has-margin\"><div class=\"uagb-infobox-margin-wrapper\"><div class=\"uagb-ifb-content\"><div class=\"uagb-ifb-title-wrap\"><h6 class=\"uagb-ifb-title\">Per a apartaments i cases de vacances<\/h6><\/div><p class=\"uagb-ifb-desc\">Inclou una neteja completa entre estades i un canvi de roba de llit. Preu basat en metres quadrats i instal\u00b7lacions.<\/p><\/div><\/div><\/div>\n<\/div>\n\n\n\n<div class=\"wp-block-uagb-container uagb-block-3c6c9ea5\">\n<div class=\"wp-block-uagb-container uagb-block-17bb91d8\">\n<div class=\"wp-block-uagb-info-box uagb-block-b069ab7e uagb-infobox__content-wrap  uagb-infobox-icon-above-title uagb-infobox-image-valign-top wp-block-uagb-info-box--has-margin\"><div class=\"uagb-infobox-margin-wrapper\"><div class=\"uagb-ifb-content\"><div class=\"uagb-ifb-title-wrap\"><h3 class=\"uagb-ifb-title\">Neteja post-construcci\u00f3<\/h3><\/div><p class=\"uagb-ifb-desc\"><strong><strong>A partir de 3 \u20ac per metre quadrat<\/strong><\/strong><\/p><\/div><\/div><\/div>\n<\/div>\n\n\n\n<div class=\"wp-block-uagb-info-box uagb-block-c0850ffa uagb-infobox__content-wrap  uagb-infobox-icon-above-title uagb-infobox-image-valign-top wp-block-uagb-info-box--has-margin\"><div class=\"uagb-infobox-margin-wrapper\"><div class=\"uagb-ifb-content\"><div class=\"uagb-ifb-title-wrap\"><h6 class=\"uagb-ifb-title\">Per a obres de construcci\u00f3, reformes i projectes de construcci\u00f3<\/h6><\/div><p class=\"uagb-ifb-desc\">Eliminaci\u00f3 de pols, deixalles i brut\u00edcia de construcci\u00f3. Un pressupost a mida basat en la superf\u00edcie i l'estat.<\/p><\/div><\/div><\/div>\n<\/div>\n<\/div>\n\n\n\n<div class=\"wp-block-uagb-advanced-heading uagb-block-a64d5319\"><p class=\"uagb-heading-text\">TINGUEU EN COMPTE: Els preus que es mostren s\u00f3n orientatius i poden variar segons la ubicaci\u00f3, la mida del recinte i els serveis requerits. Poseu-vos en contacte amb nosaltres per a un pressupost personalitzat sense comprom\u00eds.<\/p><\/div>\n<\/div><\/div>\n\n\n\n<div class=\"wp-block-uagb-container uagb-block-8ecc40e4 alignfull uagb-is-root-container\"><div class=\"uagb-container-inner-blocks-wrap\">\n<div class=\"wp-block-uagb-container uagb-block-9d9b4e35\">\n<div class=\"wp-block-uagb-info-box uagb-block-05325546 uagb-infobox__content-wrap  uagb-infobox-icon-above-title uagb-infobox-image-valign-top wp-block-uagb-info-box--has-margin\"><div class=\"uagb-infobox-margin-wrapper\"><div class=\"uagb-ifb-content\"><div class=\"uagb-ifb-title-wrap\"><h2 class=\"uagb-ifb-title\">El nostre equip<\/h2><\/div><p class=\"uagb-ifb-desc\">L'equip de Neteges Ester est\u00e0 format per professionals amb experi\u00e8ncia, seleccionats personalment per Ester. Treballem amb discreci\u00f3, respectant el vostre espai i la vostra privacitat en tot moment.<\/p><\/div><\/div><\/div>\n\n\n\n<div class=\"wp-block-uagb-icon-list uagb-block-9ee7a70d\"><div class=\"uagb-icon-list__wrap\">\n<div class=\"wp-block-uagb-icon-list-child uagb-block-91dc36b6\"><span class=\"uagb-icon-list__source-wrap\"><svg xmlns=\"https:\/\/www.w3.org\/2000\/svg\" viewbox=\"0 0 448 512\"><path d=\"M384 32C419.3 32 448 60.65 448 96V416C448 451.3 419.3 480 384 480H64C28.65 480 0 451.3 0 416V96C0 60.65 28.65 32 64 32H384zM339.8 211.8C350.7 200.9 350.7 183.1 339.8 172.2C328.9 161.3 311.1 161.3 300.2 172.2L192 280.4L147.8 236.2C136.9 225.3 119.1 225.3 108.2 236.2C97.27 247.1 97.27 264.9 108.2 275.8L172.2 339.8C183.1 350.7 200.9 350.7 211.8 339.8L339.8 211.8z\"><\/path><\/svg><\/span><span class=\"uagb-icon-list__label\">Professionals amb experi\u00e8ncia demostrada<\/span><\/div>\n\n\n\n<div class=\"wp-block-uagb-icon-list-child uagb-block-935b2858\"><span class=\"uagb-icon-list__source-wrap\"><svg xmlns=\"https:\/\/www.w3.org\/2000\/svg\" viewbox=\"0 0 448 512\"><path d=\"M384 32C419.3 32 448 60.65 448 96V416C448 451.3 419.3 480 384 480H64C28.65 480 0 451.3 0 416V96C0 60.65 28.65 32 64 32H384zM339.8 211.8C350.7 200.9 350.7 183.1 339.8 172.2C328.9 161.3 311.1 161.3 300.2 172.2L192 280.4L147.8 236.2C136.9 225.3 119.1 225.3 108.2 236.2C97.27 247.1 97.27 264.9 108.2 275.8L172.2 339.8C183.1 350.7 200.9 350.7 211.8 339.8L339.8 211.8z\"><\/path><\/svg><\/span><span class=\"uagb-icon-list__label\">Seleccionat i format pel fundador<\/span><\/div>\n\n\n\n<div class=\"wp-block-uagb-icon-list-child uagb-block-bdcae34b\"><span class=\"uagb-icon-list__source-wrap\"><svg xmlns=\"https:\/\/www.w3.org\/2000\/svg\" viewbox=\"0 0 448 512\"><path d=\"M384 32C419.3 32 448 60.65 448 96V416C448 451.3 419.3 480 384 480H64C28.65 480 0 451.3 0 416V96C0 60.65 28.65 32 64 32H384zM339.8 211.8C350.7 200.9 350.7 183.1 339.8 172.2C328.9 161.3 311.1 161.3 300.2 172.2L192 280.4L147.8 236.2C136.9 225.3 119.1 225.3 108.2 236.2C97.27 247.1 97.27 264.9 108.2 275.8L172.2 339.8C183.1 350.7 200.9 350.7 211.8 339.8L339.8 211.8z\"><\/path><\/svg><\/span><span class=\"uagb-icon-list__label\">Puntual i comprom\u00e8s amb la qualitat<\/span><\/div>\n\n\n\n<div class=\"wp-block-uagb-icon-list-child uagb-block-4fde4c18\"><span class=\"uagb-icon-list__source-wrap\"><svg xmlns=\"https:\/\/www.w3.org\/2000\/svg\" viewbox=\"0 0 448 512\"><path d=\"M384 32C419.3 32 448 60.65 448 96V416C448 451.3 419.3 480 384 480H64C28.65 480 0 451.3 0 416V96C0 60.65 28.65 32 64 32H384zM339.8 211.8C350.7 200.9 350.7 183.1 339.8 172.2C328.9 161.3 311.1 161.3 300.2 172.2L192 280.4L147.8 236.2C136.9 225.3 119.1 225.3 108.2 236.2C97.27 247.1 97.27 264.9 108.2 275.8L172.2 339.8C183.1 350.7 200.9 350.7 211.8 339.8L339.8 211.8z\"><\/path><\/svg><\/span><span class=\"uagb-icon-list__label\">Discret i considerat amb la vostra llar<\/span><\/div>\n\n\n\n<div class=\"wp-block-uagb-icon-list-child uagb-block-ba0b9319\"><span class=\"uagb-icon-list__source-wrap\"><svg xmlns=\"https:\/\/www.w3.org\/2000\/svg\" viewbox=\"0 0 448 512\"><path d=\"M384 32C419.3 32 448 60.65 448 96V416C448 451.3 419.3 480 384 480H64C28.65 480 0 451.3 0 416V96C0 60.65 28.65 32 64 32H384zM339.8 211.8C350.7 200.9 350.7 183.1 339.8 172.2C328.9 161.3 311.1 161.3 300.2 172.2L192 280.4L147.8 236.2C136.9 225.3 119.1 225.3 108.2 236.2C97.27 247.1 97.27 264.9 108.2 275.8L172.2 339.8C183.1 350.7 200.9 350.7 211.8 339.8L339.8 211.8z\"><\/path><\/svg><\/span><span class=\"uagb-icon-list__label\">Especialitzats en c\u00e0mpings, bungalous i allotjaments de vacances<\/span><\/div>\n<\/div><\/div>\n<\/div>\n\n\n\n<div class=\"wp-block-uagb-container uagb-block-9563669e\">\n<div class=\"wp-block-uagb-image uagb-block-ff6fcecb wp-block-uagb-image--layout-default wp-block-uagb-image--effect-static wp-block-uagb-image--align-none\"><figure class=\"wp-block-uagb-image__figure\"><img decoding=\"async\" srcset=\"https:\/\/netegesester.com\/wp-content\/uploads\/2026\/03\/quienes-somos-equipo-1024x701.webp ,https:\/\/netegesester.com\/wp-content\/uploads\/2026\/03\/quienes-somos-equipo.webp 780w, https:\/\/netegesester.com\/wp-content\/uploads\/2026\/03\/quienes-somos-equipo.webp 360w\" sizes=\"auto, (max-width: 480px) 150px\" src=\"https:\/\/netegesester.com\/wp-content\/uploads\/2026\/03\/quienes-somos-equipo-1024x701.webp\" alt=\"Sobre nosaltres Equip\" class=\"uag-image-3058\" width=\"1024\" height=\"701\" title=\"Sobre nosaltres Equip\" loading=\"lazy\" role=\"img\"\/><\/figure><\/div>\n<\/div>\n<\/div><\/div>","protected":false},"excerpt":{"rendered":"<p>Empresa de limipieza, Neteges Ester: m\u00e1s de 5 a\u00f1os cuidando tu hogar Neteges Ester Empresa de limpieza para el hogar y empresas Nuestro compromiso contigo Trabajamos con productos de limpieza profesionales, eficaces y respetuosos con las personas y el medio ambiente. Cuidamos tu hogar como si fuera el nuestro. \u00bfQuieres saber qu\u00e9 podemos hacer por [&hellip;]<\/p>\n","protected":false},"author":2,"featured_media":0,"parent":0,"menu_order":0,"comment_status":"closed","ping_status":"closed","template":"","meta":{"_uag_custom_page_level_css":"","site-sidebar-layout":"no-sidebar","site-content-layout":"page-builder","ast-site-content-layout":"full-width-container","site-content-style":"unboxed","site-sidebar-style":"unboxed","ast-global-header-display":"","ast-banner-title-visibility":"","ast-main-header-display":"","ast-hfb-above-header-display":"","ast-hfb-below-header-display":"","ast-hfb-mobile-header-display":"","site-post-title":"disabled","ast-breadcrumbs-content":"","ast-featured-img":"disabled","footer-sml-layout":"","ast-disable-related-posts":"","theme-transparent-header-meta":"default","adv-header-id-meta":"","stick-header-meta":"","header-above-stick-meta":"","header-main-stick-meta":"","header-below-stick-meta":"","astra-migrate-meta-layouts":"set","ast-page-background-enabled":"default","ast-page-background-meta":{"desktop":{"background-color":"","background-image":"","background-repeat":"repeat","background-position":"center center","background-size":"auto","background-attachment":"scroll","background-type":"","background-media":"","overlay-type":"","overlay-color":"","overlay-opacity":"","overlay-gradient":""},"tablet":{"background-color":"","background-image":"","background-repeat":"repeat","background-position":"center center","background-size":"auto","background-attachment":"scroll","background-type":"","background-media":"","overlay-type":"","overlay-color":"","overlay-opacity":"","overlay-gradient":""},"mobile":{"background-color":"","background-image":"","background-repeat":"repeat","background-position":"center center","background-size":"auto","background-attachment":"scroll","background-type":"","background-media":"","overlay-type":"","overlay-color":"","overlay-opacity":"","overlay-gradient":""}},"ast-content-background-meta":{"desktop":{"background-color":"var(--ast-global-color-4)","background-image":"","background-repeat":"repeat","background-position":"center center","background-size":"auto","background-attachment":"scroll","background-type":"","background-media":"","overlay-type":"","overlay-color":"","overlay-opacity":"","overlay-gradient":""},"tablet":{"background-color":"var(--ast-global-color-4)","background-image":"","background-repeat":"repeat","background-position":"center center","background-size":"auto","background-attachment":"scroll","background-type":"","background-media":"","overlay-type":"","overlay-color":"","overlay-opacity":"","overlay-gradient":""},"mobile":{"background-color":"var(--ast-global-color-4)","background-image":"","background-repeat":"repeat","background-position":"center center","background-size":"auto","background-attachment":"scroll","background-type":"","background-media":"","overlay-type":"","overlay-color":"","overlay-opacity":"","overlay-gradient":""}},"footnotes":""},"class_list":["post-1352","page","type-page","status-publish","hentry"],"uagb_featured_image_src":{"full":false,"thumbnail":false,"medium":false,"medium_large":false,"large":false,"1536x1536":false,"2048x2048":false,"trp-custom-language-flag":false},"uagb_author_info":{"display_name":"Domingo","author_link":"https:\/\/netegesester.com\/ca\/author\/dominigo\/"},"uagb_comment_info":0,"uagb_excerpt":"Empresa de limipieza, Neteges Ester: m\u00e1s de 5 a\u00f1os cuidando tu hogar Neteges Ester Empresa de limpieza para el hogar y empresas Nuestro compromiso contigo Trabajamos con productos de limpieza profesionales, eficaces y respetuosos con las personas y el medio ambiente. Cuidamos tu hogar como si fuera el nuestro. \u00bfQuieres saber qu\u00e9 podemos hacer por&hellip;","_links":{"self":[{"href":"https:\/\/netegesester.com\/ca\/wp-json\/wp\/v2\/pages\/1352","targetHints":{"allow":["GET"]}}],"collection":[{"href":"https:\/\/netegesester.com\/ca\/wp-json\/wp\/v2\/pages"}],"about":[{"href":"https:\/\/netegesester.com\/ca\/wp-json\/wp\/v2\/types\/page"}],"author":[{"embeddable":true,"href":"https:\/\/netegesester.com\/ca\/wp-json\/wp\/v2\/users\/2"}],"replies":[{"embeddable":true,"href":"https:\/\/netegesester.com\/ca\/wp-json\/wp\/v2\/comments?post=1352"}],"version-history":[{"count":14,"href":"https:\/\/netegesester.com\/ca\/wp-json\/wp\/v2\/pages\/1352\/revisions"}],"predecessor-version":[{"id":3264,"href":"https:\/\/netegesester.com\/ca\/wp-json\/wp\/v2\/pages\/1352\/revisions\/3264"}],"wp:attachment":[{"href":"https:\/\/netegesester.com\/ca\/wp-json\/wp\/v2\/media?parent=1352"}],"curies":[{"name":"wp","href":"https:\/\/api.w.org\/{rel}","templated":true}]}}